{"id":34704,"date":"2015-09-28T13:33:12","date_gmt":"2015-09-28T11:33:12","guid":{"rendered":"http:\/\/zenkannon.org\/?page_id=34704"},"modified":"2022-11-11T12:18:29","modified_gmt":"2022-11-11T11:18:29","slug":"prensa","status":"publish","type":"page","link":"https:\/\/zenkannon.org\/es\/prensa\/","title":{"rendered":"Prensa. Videos"},"content":{"rendered":"","protected":false},"excerpt":{"rendered":"","protected":false},"author":3,"featured_media":0,"parent":0,"menu_order":0,"comment_status":"closed","ping_status":"open","template":"template-blog-list.php","meta":{"_uag_custom_page_level_css":"","_exactmetrics_skip_tracking":false,"_exactmetrics_sitenote_active":false,"_exactmetrics_sitenote_note":"","_exactmetrics_sitenote_category":0,"footnotes":""},"categories":[],"tags":[],"class_list":["post-34704","page","type-page","status-publish","hentry","description-off"],"yoast_head":"<!-- This site is optimized with the Yoast SEO Premium plugin v27.4 (Yoast SEO v27.4) - https:\/\/yoast.com\/product\/yoast-seo-premium-wordpress\/ -->\n<title>videos zen - Zen Kannon Barcelona<\/title>\n<meta name=\"description\" content=\"videos zen\" \/>\n<meta name=\"robots\" content=\"index, follow, max-snippet:-1, max-image-preview:large, max-video-preview:-1\" \/>\n<link rel=\"canonical\" href=\"https:\/\/zenkannon.org\/es\/prensa\/\" \/>\n<meta property=\"og:locale\" content=\"es_ES\" \/>\n<meta property=\"og:type\" content=\"article\" \/>\n<meta property=\"og:title\" content=\"Prensa. Videos\" \/>\n<meta property=\"og:description\" content=\"videos zen\" \/>\n<meta property=\"og:url\" content=\"https:\/\/zenkannon.org\/es\/prensa\/\" \/>\n<meta property=\"og:site_name\" content=\"Zen Kannon Barcelona\" \/>\n<meta property=\"article:publisher\" content=\"https:\/\/www.facebook.com\/dojozenbarcelona.kannon\/\" \/>\n<meta property=\"article:modified_time\" content=\"2022-11-11T11:18:29+00:00\" \/>\n<meta name=\"twitter:card\" content=\"summary_large_image\" \/>\n<meta name=\"twitter:site\" content=\"@zenkannon\" \/>\n<script type=\"application\/ld+json\" class=\"yoast-schema-graph\">{\"@context\":\"https:\\\/\\\/schema.org\",\"@graph\":[{\"@type\":\"WebPage\",\"@id\":\"https:\\\/\\\/zenkannon.org\\\/es\\\/prensa\\\/\",\"url\":\"https:\\\/\\\/zenkannon.org\\\/es\\\/prensa\\\/\",\"name\":\"videos zen - Zen Kannon Barcelona\",\"isPartOf\":{\"@id\":\"https:\\\/\\\/zenkannon.org\\\/es\\\/#website\"},\"datePublished\":\"2015-09-28T11:33:12+00:00\",\"dateModified\":\"2022-11-11T11:18:29+00:00\",\"description\":\"videos zen\",\"breadcrumb\":{\"@id\":\"https:\\\/\\\/zenkannon.org\\\/es\\\/prensa\\\/#breadcrumb\"},\"inLanguage\":\"es\",\"potentialAction\":[{\"@type\":\"ReadAction\",\"target\":[\"https:\\\/\\\/zenkannon.org\\\/es\\\/prensa\\\/\"]}]},{\"@type\":\"BreadcrumbList\",\"@id\":\"https:\\\/\\\/zenkannon.org\\\/es\\\/prensa\\\/#breadcrumb\",\"itemListElement\":[{\"@type\":\"ListItem\",\"position\":1,\"name\":\"Inici\",\"item\":\"https:\\\/\\\/zenkannon.org\\\/es\\\/\"},{\"@type\":\"ListItem\",\"position\":2,\"name\":\"Prensa. Videos\"}]},{\"@type\":\"WebSite\",\"@id\":\"https:\\\/\\\/zenkannon.org\\\/es\\\/#website\",\"url\":\"https:\\\/\\\/zenkannon.org\\\/es\\\/\",\"name\":\"Zen Kannon Barcelona\",\"description\":\"meditaci\u00f3|meditaci\u00f3n zen barcelona\",\"publisher\":{\"@id\":\"https:\\\/\\\/zenkannon.org\\\/es\\\/#organization\"},\"potentialAction\":[{\"@type\":\"SearchAction\",\"target\":{\"@type\":\"EntryPoint\",\"urlTemplate\":\"https:\\\/\\\/zenkannon.org\\\/es\\\/?s={search_term_string}\"},\"query-input\":{\"@type\":\"PropertyValueSpecification\",\"valueRequired\":true,\"valueName\":\"search_term_string\"}}],\"inLanguage\":\"es\"},{\"@type\":[\"Organization\",\"Place\"],\"@id\":\"https:\\\/\\\/zenkannon.org\\\/es\\\/#organization\",\"name\":\"Zen Kannon\",\"url\":\"https:\\\/\\\/zenkannon.org\\\/es\\\/\",\"logo\":{\"@id\":\"https:\\\/\\\/zenkannon.org\\\/es\\\/prensa\\\/#local-main-organization-logo\"},\"image\":{\"@id\":\"https:\\\/\\\/zenkannon.org\\\/es\\\/prensa\\\/#local-main-organization-logo\"},\"sameAs\":[\"https:\\\/\\\/www.facebook.com\\\/dojozenbarcelona.kannon\\\/\",\"https:\\\/\\\/x.com\\\/zenkannon\",\"https:\\\/\\\/mastodon.social\\\/@zenkannon\",\"https:\\\/\\\/www.instagram.com\\\/dojozenbarcelonakannon\\\/\",\"https:\\\/\\\/www.youtube.com\\\/@DojoZenBarcelonaKannon\"],\"description\":\"Zen Kannon es una organitzaci\u00f3 sense \u00e0nim de lucre amb la finalitat de promoure la meditaci\u00f3 zen, la pr\u00e0ctica del zen i el budisme zen soto, segons les ensenyances de Taisen Deshimaru\",\"legalName\":\"Zen Kannon\",\"foundingDate\":\"2010-10-25\",\"address\":{\"@id\":\"https:\\\/\\\/zenkannon.org\\\/es\\\/prensa\\\/#local-main-place-address\"},\"geo\":{\"@type\":\"GeoCoordinates\",\"latitude\":\"41.39407730000001\",\"longitude\":\"2.1737698\"},\"telephone\":[\"649649759\"],\"contactPoint\":{\"@type\":\"ContactPoint\",\"telephone\":\"649649759\",\"email\":\"info@zenkannon.org\"},\"openingHoursSpecification\":[{\"@type\":\"OpeningHoursSpecification\",\"dayOfWeek\":[\"Monday\"],\"opens\":\"07:00\",\"closes\":\"21:00\"},{\"@type\":\"OpeningHoursSpecification\",\"dayOfWeek\":[\"Tuesday\",\"Wednesday\",\"Thursday\",\"Friday\",\"Saturday\",\"Sunday\"],\"opens\":\"09:00\",\"closes\":\"17:00\"}],\"email\":\"dojozenbarcelonakannon@gmail.com\",\"areaServed\":\"Catalunya\",\"vatID\":\"G65458028\"},{\"@type\":\"PostalAddress\",\"@id\":\"https:\\\/\\\/zenkannon.org\\\/es\\\/prensa\\\/#local-main-place-address\",\"streetAddress\":\"Gran via de les corts catalanes, 665\",\"addressLocality\":\"Barcelona\",\"postalCode\":\"08010\",\"addressRegion\":\"Barcelona\",\"addressCountry\":\"ES\"},{\"@type\":\"ImageObject\",\"inLanguage\":\"es\",\"@id\":\"https:\\\/\\\/zenkannon.org\\\/es\\\/prensa\\\/#local-main-organization-logo\",\"url\":\"https:\\\/\\\/zenkannon.org\\\/wp-content\\\/uploads\\\/2025\\\/06\\\/Logo-web-1.png\",\"contentUrl\":\"https:\\\/\\\/zenkannon.org\\\/wp-content\\\/uploads\\\/2025\\\/06\\\/Logo-web-1.png\",\"width\":500,\"height\":500,\"caption\":\"Zen Kannon\"}]}<\/script>\n<meta name=\"geo.placename\" content=\"Barcelona\" \/>\n<meta name=\"geo.position\" content=\"41.39407730000001;2.1737698\" \/>\n<meta name=\"geo.region\" content=\"Espa\u00f1a\" \/>\n<!-- \/ Yoast SEO Premium plugin. -->","yoast_head_json":{"title":"videos zen - Zen Kannon Barcelona","description":"videos zen","robots":{"index":"index","follow":"follow","max-snippet":"max-snippet:-1","max-image-preview":"max-image-preview:large","max-video-preview":"max-video-preview:-1"},"canonical":"https:\/\/zenkannon.org\/es\/prensa\/","og_locale":"es_ES","og_type":"article","og_title":"Prensa. Videos","og_description":"videos zen","og_url":"https:\/\/zenkannon.org\/es\/prensa\/","og_site_name":"Zen Kannon Barcelona","article_publisher":"https:\/\/www.facebook.com\/dojozenbarcelona.kannon\/","article_modified_time":"2022-11-11T11:18:29+00:00","twitter_card":"summary_large_image","twitter_site":"@zenkannon","schema":{"@context":"https:\/\/schema.org","@graph":[{"@type":"WebPage","@id":"https:\/\/zenkannon.org\/es\/prensa\/","url":"https:\/\/zenkannon.org\/es\/prensa\/","name":"videos zen - Zen Kannon Barcelona","isPartOf":{"@id":"https:\/\/zenkannon.org\/es\/#website"},"datePublished":"2015-09-28T11:33:12+00:00","dateModified":"2022-11-11T11:18:29+00:00","description":"videos zen","breadcrumb":{"@id":"https:\/\/zenkannon.org\/es\/prensa\/#breadcrumb"},"inLanguage":"es","potentialAction":[{"@type":"ReadAction","target":["https:\/\/zenkannon.org\/es\/prensa\/"]}]},{"@type":"BreadcrumbList","@id":"https:\/\/zenkannon.org\/es\/prensa\/#breadcrumb","itemListElement":[{"@type":"ListItem","position":1,"name":"Inici","item":"https:\/\/zenkannon.org\/es\/"},{"@type":"ListItem","position":2,"name":"Prensa. Videos"}]},{"@type":"WebSite","@id":"https:\/\/zenkannon.org\/es\/#website","url":"https:\/\/zenkannon.org\/es\/","name":"Zen Kannon Barcelona","description":"meditaci\u00f3|meditaci\u00f3n zen barcelona","publisher":{"@id":"https:\/\/zenkannon.org\/es\/#organization"},"potentialAction":[{"@type":"SearchAction","target":{"@type":"EntryPoint","urlTemplate":"https:\/\/zenkannon.org\/es\/?s={search_term_string}"},"query-input":{"@type":"PropertyValueSpecification","valueRequired":true,"valueName":"search_term_string"}}],"inLanguage":"es"},{"@type":["Organization","Place"],"@id":"https:\/\/zenkannon.org\/es\/#organization","name":"Zen Kannon","url":"https:\/\/zenkannon.org\/es\/","logo":{"@id":"https:\/\/zenkannon.org\/es\/prensa\/#local-main-organization-logo"},"image":{"@id":"https:\/\/zenkannon.org\/es\/prensa\/#local-main-organization-logo"},"sameAs":["https:\/\/www.facebook.com\/dojozenbarcelona.kannon\/","https:\/\/x.com\/zenkannon","https:\/\/mastodon.social\/@zenkannon","https:\/\/www.instagram.com\/dojozenbarcelonakannon\/","https:\/\/www.youtube.com\/@DojoZenBarcelonaKannon"],"description":"Zen Kannon es una organitzaci\u00f3 sense \u00e0nim de lucre amb la finalitat de promoure la meditaci\u00f3 zen, la pr\u00e0ctica del zen i el budisme zen soto, segons les ensenyances de Taisen Deshimaru","legalName":"Zen Kannon","foundingDate":"2010-10-25","address":{"@id":"https:\/\/zenkannon.org\/es\/prensa\/#local-main-place-address"},"geo":{"@type":"GeoCoordinates","latitude":"41.39407730000001","longitude":"2.1737698"},"telephone":["649649759"],"contactPoint":{"@type":"ContactPoint","telephone":"649649759","email":"info@zenkannon.org"},"openingHoursSpecification":[{"@type":"OpeningHoursSpecification","dayOfWeek":["Monday"],"opens":"07:00","closes":"21:00"},{"@type":"OpeningHoursSpecification","dayOfWeek":["Tuesday","Wednesday","Thursday","Friday","Saturday","Sunday"],"opens":"09:00","closes":"17:00"}],"email":"dojozenbarcelonakannon@gmail.com","areaServed":"Catalunya","vatID":"G65458028"},{"@type":"PostalAddress","@id":"https:\/\/zenkannon.org\/es\/prensa\/#local-main-place-address","streetAddress":"Gran via de les corts catalanes, 665","addressLocality":"Barcelona","postalCode":"08010","addressRegion":"Barcelona","addressCountry":"ES"},{"@type":"ImageObject","inLanguage":"es","@id":"https:\/\/zenkannon.org\/es\/prensa\/#local-main-organization-logo","url":"https:\/\/zenkannon.org\/wp-content\/uploads\/2025\/06\/Logo-web-1.png","contentUrl":"https:\/\/zenkannon.org\/wp-content\/uploads\/2025\/06\/Logo-web-1.png","width":500,"height":500,"caption":"Zen Kannon"}]},"geo.placename":"Barcelona","geo.position":{"lat":"41.39407730000001","long":"2.1737698"},"geo.region":"Espa\u00f1a"},"uagb_featured_image_src":{"full":false,"thumbnail":false,"medium":false,"medium_large":false,"large":false,"1536x1536":false,"2048x2048":false},"uagb_author_info":{"display_name":"Zen","author_link":"https:\/\/zenkannon.org\/es\/author\/lluis\/"},"uagb_comment_info":0,"uagb_excerpt":null,"_links":{"self":[{"href":"https:\/\/zenkannon.org\/es\/wp-json\/wp\/v2\/pages\/34704","targetHints":{"allow":["GET"]}}],"collection":[{"href":"https:\/\/zenkannon.org\/es\/wp-json\/wp\/v2\/pages"}],"about":[{"href":"https:\/\/zenkannon.org\/es\/wp-json\/wp\/v2\/types\/page"}],"author":[{"embeddable":true,"href":"https:\/\/zenkannon.org\/es\/wp-json\/wp\/v2\/users\/3"}],"replies":[{"embeddable":true,"href":"https:\/\/zenkannon.org\/es\/wp-json\/wp\/v2\/comments?post=34704"}],"version-history":[{"count":0,"href":"https:\/\/zenkannon.org\/es\/wp-json\/wp\/v2\/pages\/34704\/revisions"}],"wp:attachment":[{"href":"https:\/\/zenkannon.org\/es\/wp-json\/wp\/v2\/media?parent=34704"}],"wp:term":[{"taxonomy":"category","embeddable":true,"href":"https:\/\/zenkannon.org\/es\/wp-json\/wp\/v2\/categories?post=34704"},{"taxonomy":"post_tag","embeddable":true,"href":"https:\/\/zenkannon.org\/es\/wp-json\/wp\/v2\/tags?post=34704"}],"curies":[{"name":"wp","href":"https:\/\/api.w.org\/{rel}","templated":true}]}}